{"id":399,"date":"2017-02-27T12:53:51","date_gmt":"2017-02-27T11:53:51","guid":{"rendered":"http:\/\/structureproduction.com\/structure\/a-propos\/"},"modified":"2021-05-12T16:50:14","modified_gmt":"2021-05-12T15:50:14","slug":"bio","status":"publish","type":"page","link":"https:\/\/structureproduction.com\/en\/bio\/","title":{"rendered":"bio"},"content":{"rendered":"[spb_row element_name=&#8221;Row&#8221; wrap_type=&#8221;content-width&#8221; parallax_image_height=&#8221;content-height&#8221; parallax_image_movement=&#8221;fixed&#8221; parallax_image_speed=&#8221;0.5&#8243; bg_video_loop=&#8221;yes&#8221; parallax_video_height=&#8221;window-height&#8221; parallax_video_overlay=&#8221;none&#8221; row_overlay_opacity=&#8221;0&#8243; row_col_pos=&#8221;default&#8221; width=&#8221;1\/1&#8243; el_position=&#8221;first last&#8221;] [spb_tabs tabs_type=&#8221;standard&#8221; center_tabs=&#8221;no&#8221; width=&#8221;1\/1&#8243; el_position=&#8221;first last&#8221;] [spb_tab title=&#8221;pascal rambert&#8221; icon=&#8221;&#8221; id=&#8221;pascalrambert&#8221;] [spb_text_block animation=&#8221;none&#8221; animation_delay=&#8221;0&#8243; simplified_controls=&#8221;yes&#8221; custom_css_percentage=&#8221;no&#8221; padding_vertical=&#8221;0&#8243; padding_horizontal=&#8221;0&#8243; margin_vertical=&#8221;0&#8243; custom_css=&#8221;margin-top: 0px;margin-bottom: 0px;&#8221; border_size=&#8221;0&#8243; border_styling_global=&#8221;default&#8221; width=&#8221;1\/1&#8243; el_position=&#8221;first last&#8221;]\n<p>Pascal Rambert is a French writer, choreographer, and director for the stage and screen. He was born in 1962. In 2016 he receives the \u201c Grand prix de l\u2019Acad\u00e9mie Fran\u00e7aise pour l\u2019ensemble de son oeuvre\u201d \/ \u201cTheater Prize from Acad\u00e9mie Fran\u00e7aise for his entire body of work\u201d.<\/p>\n<p>From january 2017 he has been the partner artist at the Th\u00e9\u00e2tre des Bouffes du Nord in Paris, at\u00a0El Pav\u00f3n\u00a0Teatro\u00a0Kamikaz\u00a0from 2016 to 2020 and from 2014 the partner playwright at the National Theatre of Strasbourg.<\/p>\n<p>For 10 years, 2007-2016, he served as the Director of TG2-Th\u00e9\u00e2tre de Gennevilliers, which he has transformed into a national dramatic center for contemporary creation, exclusively devoted to living artists (theater, dance, opera, contemporary art, film, and philosophy).<\/p>\n<p>Rambert\u2019s theatre plays and choreographies have been produced by <em>structure, <\/em>supported by the French Ministry of Culture and Communication,and staged in Europe, North America, Asia, Russia, South America, Middle East.<\/p>\n<p>His writing (theater, stories, and poetry) is published in France with the press Solitaires Intempestifs and has been translated, published, and staged in many languages: English, Russian, Italian, German, Japanese, Chinese, Croatian, Slovenian, Polish, Portuguese (From Portugal and from Brazil), Spanish (Mexican and Argentinian), Castilian, Catalan, Dutch, Czech, Tha\u00ef, Dansk and Greek.<\/p>\n<p>His dance pieces, including the most recent, <em>Memento Mori<\/em>, created in 2013 with the lighting designer Yves Godin, have been performed at major festivals and contemporary dance festivals: Montpellier, Avignon, Utrecht, Berlin, and Hamburg as well as New York, Tokyo and Los Angeles.<\/p>\n<p>Pascal Rambert has directed several operas in France and in the United States.<\/p>\n<p>The short films he has directed have been selected and awarded at festivals in Pantin, Locarno, Miami, and Paris.<\/p>\n<p>His play <em>Cl\u00f4ture de l\u2019amour\u00a0<\/em>(<em>Love\u2019s End<\/em>), created at the 65th Festival d\u2019Avignon in 2011 with Audrey Bonnet and Stanislas Nordey, was an international success. The script won the prize for public theater in the Theater 2013 \u2013 Dithea competition, the prize for best new French-language play from the Syndicat de la Critique (Critics\u2019 Union) in 2012, and the Grand Prize for dramatic literature from the Centre national du th\u00e9\u00e2tre (National Theater Center) in October, 2012. In 2017, <em>Cl\u00f4ture de l\u2019amour\u00a0<\/em>was staged more than 180 times in France and much more all over the world, and translated in 23 languages. Pascal Rambert has adapted <em>Cl\u00f4ture de l\u2019amour\u00a0<\/em>into eleven languages: for the Moscow Art Theatre; in New York, Zagreb, Modena, and Rome, and at Milan\u2019s Piccolo Theatro; in Shizuoka, Osaka, and Yokohama; in Berlin and at the Thalia Theater in Hamburg; in Barcelona at the Grec Festival and in Madrid at the Festival de Oto\u00f1o ; and in Copenhagen, Aalborg, Aarhus, and Odense, in mandarin in China in Beijing, in arabic in Cairo in Egypt, in finnish in Finland, Helsinki.<\/p>\n<p>Pascal Rambert created <em>Une (micro) histoire \u00e9conomique du monde, dans\u00e9e<\/em>\u00a0 <em>(A (micro) history of world economics, danced)\u00a0<\/em>at T2G, Th\u00e9\u00e2tre de Gennevilliers, in 2010. After its French tour, Pascal Rambert has adapted the work for further performances in Japan; in Hamburg and Karlsruhe, Germany; in the United States in New York, Los Angeles and Pittsburgh; and in Cairo, Egypt.<\/p>\n<p>His play\u00a0<em>Avignon \u00e0 vie (Avignon for Life)<\/em>, read by Denis Podalyd\u00e8s, was first staged at the 2013 67<sup>th<\/sup>Festival d\u2019Avignon in the Cour d\u2019Honneur du Palais des Papes.<\/p>\n<p>His most recent play, <em>R\u00e9p\u00e9tition (Rehearsal),<\/em>written for Emmanuelle B\u00e9art, Audrey Bonnet, Denis Podalyd\u00e8s of the Com\u00e9die Fran\u00e7aise, Stanislas Nordey, and Claire Zeller, premiered December 12, 2014 at T2G, Th\u00e9\u00e2tre de Gennevilliers- national dramatic center for contemporary creation as part of Festival d\u2019Automne in Paris. It was afterward performed in Lyon and toured nationally and internationally in the fall of 2015.<\/p>\n<p>At the end of 2016, he directed the italian version of the play, <em>Prova<\/em>, at the Teatro Arena del Sole de Bologna and at the Piccolo Teatro di Milano, and in 2017 <em>Ensayo<\/em>the spanish version in Madrid. For <em>R\u00e9p\u00e9tition (Rehearsal) <\/em>Pascal Rambert was awarded from the French Academy with the annual prize 2015 of literature and philosophy.<\/p>\n<p>In June, 2015, in the\u00a0bare space of the Bouffes du Nord Theater in Paris, Rambert presented five of his plays: <em>Memento Mori, Cl\u00f4ture de l\u2019amour (Love\u2019s end), Avignon \u00e0 vie (Avignon for life), De mes propres mains (With My Own Hands) <\/em>and <em>Libido Sciendi.<\/em><\/p>\n<p>In January, 2016, he did premier his play <em>Argument<\/em>, written for Laurent Poitrenaux and Marie-Sophie Ferdane, at the CDN (National Theater Center) Orl\u00e9ans \/ Loiret \/ Centre, then present it at La Com\u00e9die in Reims and at T2G, Th\u00e9\u00e2tre de Gennevilliers &#8211; national dramatic center for contemporary creation.<\/p>\n<p>In may 2017 at the Th\u00e9\u00e2tre du Vieux-Colombier in Paris, he directed the text <em>Une vie\u00a0<\/em>(<em>A life<\/em>) that he wrote for the actors of the Com\u00e9die-Fran\u00e7aise in Paris.<\/p>\n<p>In August 2017, he has written <em>GHOSTs\u00a0<\/em>for some Ta\u00efwanese actors, he directed it for the opening of the Performaning Art Festival in Tapei.<\/p>\n<p>He wrote <em>Actrice (Actress)\u00a0<\/em>for the actors of the Art Theater of Moscow, and he created it on December 12nd 2017 at the Th\u00e9\u00e2tre des Bouffes du Nord in Paris,starred Marina Hands, Audrey Bonnet Jakob \u00d6hrman, Elmer B\u00e4ck, Rasmus Sl\u00e4tis, Jean Guizerix, Emmanuel Cuchet, Ruth N\u00fcesch, Luc Bata\u00efni, Lyna Khoudri, Yuming Hey, Sifan Shao, Laetitia Som\u00e9, and alternately, Anas Abidar, Nathan Aznar and Samuel Kircher.\u00a0<em>Actrice\u00a0<\/em>toured in France from January to march 2018.<\/p>\n<p>He wrote <em>Reconstitution<\/em>in march 2018 for and with Vero Dahuron and Guy Delamotte from the Panta Theatre in Caen.<\/p>\n<p>He wrote <em>Nos Parents <\/em>(<em>Our Parents<\/em>) for the student actors of the Manufacture in Lausanne that he directed in April 2018.<\/p>\n<p>In september 2018, he stages his play <em>Christine<\/em> at the Com\u00e9die de Gen\u00e8ve during the Julie\u2019s Party Festival, then creates <em>Teatro\u00a0<\/em>at the Teatro Nacional Dona Maria II in Lisbon, starring Beatriz Batarda, Cirila Bossuet, Jo\u00e3o Grosso, L\u00facia Maria, Rui Mendes.<\/p>\n<p>In novembre 2018, he directed\u00a0<em>Soeurs (Sisters)\u00a0<\/em>written for Marina Hands and Audrey Bonnet.<\/p>\n<p>In July 2019, he directed\u00a0<em>Architecture <\/em>written for Emmanuelle B\u00e9art, Audrey Bonnet, Anne Brochet, Marie-Sophie Ferdane, Denis Podalyd\u00e8s, Arthur Nauzyciel, Laurent Poitrenaux, Stanislas Nordey, Pascal R\u00e9n\u00e9ric and Jacques Weber. Architecture was created at the Festival d\u2019Avignon in 2019 (Cour d&#8217;honneur).<\/p>\n[\/spb_text_block] [\/spb_tab] [spb_tab title=&#8221;pauline roussille&#8221; icon=&#8221;&#8221; id=&#8221;paulineroussille&#8221;] [spb_text_block animation=&#8221;none&#8221; animation_delay=&#8221;0&#8243; simplified_controls=&#8221;yes&#8221; custom_css_percentage=&#8221;no&#8221; padding_vertical=&#8221;0&#8243; padding_horizontal=&#8221;0&#8243; margin_vertical=&#8221;0&#8243; custom_css=&#8221;margin-top: 0px;margin-bottom: 0px;&#8221; border_size=&#8221;0&#8243; border_styling_global=&#8221;default&#8221; width=&#8221;1\/1&#8243; el_position=&#8221;first last&#8221;]\n<p>Born in 1980 in Bayonne, Pauline Roussille lives and works in Paris.<\/p>\n<p>Graduated in law and administration of artistic and cultural structures, she specializes in the field of dance through practice and studies in art and philosophy of dance. From 2004 to 2008, she directed AIRE, which produces and distributes, in France and abroad, the performances and dance pieces of contemporary choreographers such as Alice Chauchat (FR \/ DE), Anne Juren (FR \/ AU) and Alix Eynaudi (FR \/ BE). She manages\u00a0the theater company Superamas in France and the projects of Amaya Urra (FR \/ ES).<\/p>\n<p class=\"p1\">From 2009 to 2016 she is director of production at T2G-Th\u00e9\u00e2tre de Gennevilliers -national drama center of contemporary creation, directed by the author and director Pascal Rambert, a place exclusively dedicated to living artists (theater, dance, opera, contemporary art, cinema) which produces, hosts and broadcasts the works of contemporary creators such as Mathieu Bertholet, Heiner Goebbels, Jan Fabre, Christophe Fiat, Rodrigo Garcia, Antoine Gindt, Oriza Hirata, Ryoji Ikeda, Young Jean Lee, Jan Lauwers, Lazare, Department Store , Mathilde Monnier, Valerie Mr\u00e9jen, Arthur Nauzyciel, Markus \u00d6hrn, Toshiki Okada, Ren\u00e9 Pollesch, Philippe Quesne, Nature Theater of Oklahoma, Claudia Triozzi, Rachid Ouramdane, Pascal Rambert, Cindy Van Acker, Felice Varini, Gisele Vienna, &#8230;<\/p>\n<p>In 2017 she creates and directs structure, which produces and distributes in France and abroad the French performances and plays of the author and director Pascal Rambert, and which co-produces or collaborates on many international creations of the same artist produced by theaters such as the National Theater D. Maria II in Lisbon, The Penghao Theater in Beijing, El Pavon Teatro Kamikaze in Madrid, the Komaba Agora Theater in Tokyo, etc.\u00a0structure is a partner of the Bouffes du Nord Theater in Paris and subsidized by the French Ministry of Culture and Communication.<\/p>\n<p class=\"p1\">She also is assistant director with Pascal Rambert on the productions of structures.<\/p>\n<p class=\"p1\"><span class=\"s1\">\u00a0<\/span><\/p>\n[\/spb_text_block] [\/spb_tab] [\/spb_tabs] [\/spb_row]\n","protected":false},"excerpt":{"rendered":"<p>[spb_row element_name=&#8221;Row&#8221; wrap_type=&#8221;content-width&#8221; parallax_image_height=&#8221;content-height&#8221; parallax_image_movement=&#8221;fixed&#8221; parallax_image_speed=&#8221;0.5&#8243; bg_video_loop=&#8221;yes&#8221; parallax_video_height=&#8221;window-height&#8221; parallax_video_overlay=&#8221;none&#8221; row_overlay_opacity=&#8221;0&#8243; row_col_pos=&#8221;default&#8221; width=&#8221;1\/1&#8243; el_position=&#8221;first last&#8221;] [spb_tabs tabs_type=&#8221;standard&#8221; center_tabs=&#8221;no&#8221; width=&#8221;1\/1&#8243; el_position=&#8221;first last&#8221;] [spb_tab title=&#8221;pascal rambert&#8221; icon=&#8221;&#8221; id=&#8221;pascalrambert&#8221;] [spb_text_block animation=&#8221;none&#8221; animation_delay=&#8221;0&#8243; simplified_controls=&#8221;yes&#8221; custom_css_percentage=&#8221;no&#8221; padding_vertical=&#8221;0&#8243; padding_horizontal=&#8221;0&#8243; margin_vertical=&#8221;0&#8243; custom_css=&#8221;margin-top: 0px;margin-bottom: 0px;&#8221; border_size=&#8221;0&#8243; border_styling_global=&#8221;default&#8221; width=&#8221;1\/1&#8243; el_position=&#8221;first last&#8221;] Pascal Rambert is a French writer, choreographer, and director for the stage and screen. He was born in 1962. [&hellip;]<\/p>\n","protected":false},"author":1,"featured_media":0,"parent":0,"menu_order":0,"comment_status":"closed","ping_status":"closed","template":"","meta":{"_acf_changed":false,"footnotes":""},"class_list":["post-399","page","type-page","status-publish","hentry"],"acf":[],"yoast_head":"<!-- This site is optimized with the Yoast SEO plugin v24.0 - https:\/\/yoast.com\/wordpress\/plugins\/seo\/ -->\n<title>bio - structure production<\/title>\n<meta name=\"robots\" content=\"index, follow, max-snippet:-1, max-image-preview:large, max-video-preview:-1\" \/>\n<link rel=\"canonical\" href=\"https:\/\/structureproduction.com\/en\/bio\/\" \/>\n<meta property=\"og:locale\" content=\"en_US\" \/>\n<meta property=\"og:type\" content=\"article\" \/>\n<meta property=\"og:title\" content=\"bio - structure production\" \/>\n<meta property=\"og:description\" content=\"[spb_row element_name=&#8221;Row&#8221; wrap_type=&#8221;content-width&#8221; parallax_image_height=&#8221;content-height&#8221; parallax_image_movement=&#8221;fixed&#8221; parallax_image_speed=&#8221;0.5&#8243; bg_video_loop=&#8221;yes&#8221; parallax_video_height=&#8221;window-height&#8221; parallax_video_overlay=&#8221;none&#8221; row_overlay_opacity=&#8221;0&#8243; row_col_pos=&#8221;default&#8221; width=&#8221;1\/1&#8243; el_position=&#8221;first last&#8221;] [spb_tabs tabs_type=&#8221;standard&#8221; center_tabs=&#8221;no&#8221; width=&#8221;1\/1&#8243; el_position=&#8221;first last&#8221;] [spb_tab title=&#8221;pascal rambert&#8221; icon=&#8221;&#8221; id=&#8221;pascalrambert&#8221;] [spb_text_block animation=&#8221;none&#8221; animation_delay=&#8221;0&#8243; simplified_controls=&#8221;yes&#8221; custom_css_percentage=&#8221;no&#8221; padding_vertical=&#8221;0&#8243; padding_horizontal=&#8221;0&#8243; margin_vertical=&#8221;0&#8243; custom_css=&#8221;margin-top: 0px;margin-bottom: 0px;&#8221; border_size=&#8221;0&#8243; border_styling_global=&#8221;default&#8221; width=&#8221;1\/1&#8243; el_position=&#8221;first last&#8221;] Pascal Rambert is a French writer, choreographer, and director for the stage and screen. He was born in 1962. [&hellip;]\" \/>\n<meta property=\"og:url\" content=\"https:\/\/structureproduction.com\/en\/bio\/\" \/>\n<meta property=\"og:site_name\" content=\"structure production\" \/>\n<meta property=\"article:modified_time\" content=\"2021-05-12T15:50:14+00:00\" \/>\n<meta name=\"twitter:card\" content=\"summary_large_image\" \/>\n<meta name=\"twitter:label1\" content=\"Est. reading time\" \/>\n\t<meta name=\"twitter:data1\" content=\"8 minutes\" \/>\n<script type=\"application\/ld+json\" class=\"yoast-schema-graph\">{\"@context\":\"https:\/\/schema.org\",\"@graph\":[{\"@type\":\"WebPage\",\"@id\":\"https:\/\/structureproduction.com\/en\/bio\/\",\"url\":\"https:\/\/structureproduction.com\/en\/bio\/\",\"name\":\"bio - structure production\",\"isPartOf\":{\"@id\":\"https:\/\/structureproduction.com\/en\/#website\"},\"datePublished\":\"2017-02-27T11:53:51+00:00\",\"dateModified\":\"2021-05-12T15:50:14+00:00\",\"breadcrumb\":{\"@id\":\"https:\/\/structureproduction.com\/en\/bio\/#breadcrumb\"},\"inLanguage\":\"en-US\",\"potentialAction\":[{\"@type\":\"ReadAction\",\"target\":[\"https:\/\/structureproduction.com\/en\/bio\/\"]}]},{\"@type\":\"BreadcrumbList\",\"@id\":\"https:\/\/structureproduction.com\/en\/bio\/#breadcrumb\",\"itemListElement\":[{\"@type\":\"ListItem\",\"position\":1,\"name\":\"Accueil\",\"item\":\"https:\/\/structureproduction.com\/en\/\"},{\"@type\":\"ListItem\",\"position\":2,\"name\":\"bio\"}]},{\"@type\":\"WebSite\",\"@id\":\"https:\/\/structureproduction.com\/en\/#website\",\"url\":\"https:\/\/structureproduction.com\/en\/\",\"name\":\"structure production\",\"description\":\"\",\"potentialAction\":[{\"@type\":\"SearchAction\",\"target\":{\"@type\":\"EntryPoint\",\"urlTemplate\":\"https:\/\/structureproduction.com\/en\/?s={search_term_string}\"},\"query-input\":{\"@type\":\"PropertyValueSpecification\",\"valueRequired\":true,\"valueName\":\"search_term_string\"}}],\"inLanguage\":\"en-US\"}]}<\/script>\n<!-- \/ Yoast SEO plugin. -->","yoast_head_json":{"title":"bio - structure production","robots":{"index":"index","follow":"follow","max-snippet":"max-snippet:-1","max-image-preview":"max-image-preview:large","max-video-preview":"max-video-preview:-1"},"canonical":"https:\/\/structureproduction.com\/en\/bio\/","og_locale":"en_US","og_type":"article","og_title":"bio - structure production","og_description":"[spb_row element_name=&#8221;Row&#8221; wrap_type=&#8221;content-width&#8221; parallax_image_height=&#8221;content-height&#8221; parallax_image_movement=&#8221;fixed&#8221; parallax_image_speed=&#8221;0.5&#8243; bg_video_loop=&#8221;yes&#8221; parallax_video_height=&#8221;window-height&#8221; parallax_video_overlay=&#8221;none&#8221; row_overlay_opacity=&#8221;0&#8243; row_col_pos=&#8221;default&#8221; width=&#8221;1\/1&#8243; el_position=&#8221;first last&#8221;] [spb_tabs tabs_type=&#8221;standard&#8221; center_tabs=&#8221;no&#8221; width=&#8221;1\/1&#8243; el_position=&#8221;first last&#8221;] [spb_tab title=&#8221;pascal rambert&#8221; icon=&#8221;&#8221; id=&#8221;pascalrambert&#8221;] [spb_text_block animation=&#8221;none&#8221; animation_delay=&#8221;0&#8243; simplified_controls=&#8221;yes&#8221; custom_css_percentage=&#8221;no&#8221; padding_vertical=&#8221;0&#8243; padding_horizontal=&#8221;0&#8243; margin_vertical=&#8221;0&#8243; custom_css=&#8221;margin-top: 0px;margin-bottom: 0px;&#8221; border_size=&#8221;0&#8243; border_styling_global=&#8221;default&#8221; width=&#8221;1\/1&#8243; el_position=&#8221;first last&#8221;] Pascal Rambert is a French writer, choreographer, and director for the stage and screen. He was born in 1962. [&hellip;]","og_url":"https:\/\/structureproduction.com\/en\/bio\/","og_site_name":"structure production","article_modified_time":"2021-05-12T15:50:14+00:00","twitter_card":"summary_large_image","twitter_misc":{"Est. reading time":"8 minutes"},"schema":{"@context":"https:\/\/schema.org","@graph":[{"@type":"WebPage","@id":"https:\/\/structureproduction.com\/en\/bio\/","url":"https:\/\/structureproduction.com\/en\/bio\/","name":"bio - structure production","isPartOf":{"@id":"https:\/\/structureproduction.com\/en\/#website"},"datePublished":"2017-02-27T11:53:51+00:00","dateModified":"2021-05-12T15:50:14+00:00","breadcrumb":{"@id":"https:\/\/structureproduction.com\/en\/bio\/#breadcrumb"},"inLanguage":"en-US","potentialAction":[{"@type":"ReadAction","target":["https:\/\/structureproduction.com\/en\/bio\/"]}]},{"@type":"BreadcrumbList","@id":"https:\/\/structureproduction.com\/en\/bio\/#breadcrumb","itemListElement":[{"@type":"ListItem","position":1,"name":"Accueil","item":"https:\/\/structureproduction.com\/en\/"},{"@type":"ListItem","position":2,"name":"bio"}]},{"@type":"WebSite","@id":"https:\/\/structureproduction.com\/en\/#website","url":"https:\/\/structureproduction.com\/en\/","name":"structure production","description":"","potentialAction":[{"@type":"SearchAction","target":{"@type":"EntryPoint","urlTemplate":"https:\/\/structureproduction.com\/en\/?s={search_term_string}"},"query-input":{"@type":"PropertyValueSpecification","valueRequired":true,"valueName":"search_term_string"}}],"inLanguage":"en-US"}]}},"_links":{"self":[{"href":"https:\/\/structureproduction.com\/en\/wp-json\/wp\/v2\/pages\/399","targetHints":{"allow":["GET"]}}],"collection":[{"href":"https:\/\/structureproduction.com\/en\/wp-json\/wp\/v2\/pages"}],"about":[{"href":"https:\/\/structureproduction.com\/en\/wp-json\/wp\/v2\/types\/page"}],"author":[{"embeddable":true,"href":"https:\/\/structureproduction.com\/en\/wp-json\/wp\/v2\/users\/1"}],"replies":[{"embeddable":true,"href":"https:\/\/structureproduction.com\/en\/wp-json\/wp\/v2\/comments?post=399"}],"version-history":[{"count":12,"href":"https:\/\/structureproduction.com\/en\/wp-json\/wp\/v2\/pages\/399\/revisions"}],"predecessor-version":[{"id":2877,"href":"https:\/\/structureproduction.com\/en\/wp-json\/wp\/v2\/pages\/399\/revisions\/2877"}],"wp:attachment":[{"href":"https:\/\/structureproduction.com\/en\/wp-json\/wp\/v2\/media?parent=399"}],"curies":[{"name":"wp","href":"https:\/\/api.w.org\/{rel}","templated":true}]}}